{"id":6353,"date":"2025-03-11T02:05:44","date_gmt":"2025-03-10T19:05:44","guid":{"rendered":"https:\/\/melatiresort.com\/dining\/"},"modified":"2026-01-16T02:07:32","modified_gmt":"2026-01-15T19:07:32","slug":"dining","status":"publish","type":"page","link":"https:\/\/melatiresort.com\/de\/dining\/","title":{"rendered":"Dining"},"content":{"rendered":"\t\t<div data-elementor-type=\"wp-page\" data-elementor-id=\"6353\" class=\"elementor elementor-6353 elementor-25\" data-elementor-post-type=\"page\">\n\t\t\t\t<div class=\"elementor-element elementor-element-4fc25712 e-con-full e-flex e-con e-parent\" data-id=\"4fc25712\" data-element_type=\"container\" data-e-type=\"container\">\n\t\t\t\t<div class=\"elementor-element elementor-element-6a07c265 elementor--v-position-bottom elementor--h-position-center elementor-widget elementor-widget-slides\" data-id=\"6a07c265\" data-element_type=\"widget\" data-e-type=\"widget\" data-settings=\"{&quot;transition_speed&quot;:1000,&quot;transition&quot;:&quot;fade&quot;,&quot;navigation&quot;:&quot;none&quot;,&quot;autoplay_speed&quot;:7000,&quot;autoplay&quot;:&quot;yes&quot;,&quot;infinite&quot;:&quot;yes&quot;}\" data-widget_type=\"slides.default\">\n\t\t\t\t<div class=\"elementor-widget-container\">\n\t\t\t\t\t\t\t\t\t<div class=\"elementor-swiper\">\n\t\t\t\t\t<div class=\"elementor-slides-wrapper elementor-main-swiper swiper\" role=\"region\" aria-roledescription=\"carousel\" aria-label=\"Slides\" dir=\"ltr\" data-animation=\"fadeInUp\">\n\t\t\t\t<div class=\"swiper-wrapper elementor-slides\">\n\t\t\t\t\t\t\t\t\t\t<div class=\"elementor-repeater-item-15100bc swiper-slide\" role=\"group\" aria-roledescription=\"slide\"><div class=\"swiper-slide-bg elementor-ken-burns elementor-ken-burns--in\" role=\"img\" aria-label=\"Dining Cover Slide 2\"><\/div><div class=\"swiper-slide-inner\" ><div class=\"swiper-slide-contents\"><h1 class=\"elementor-slide-heading\">DISCOVER KOH SAMUI DINING<\/h1><\/div><\/div><\/div><div class=\"elementor-repeater-item-5d7d9ff swiper-slide\" role=\"group\" aria-roledescription=\"slide\"><div class=\"swiper-slide-bg elementor-ken-burns elementor-ken-burns--in\" role=\"img\" aria-label=\"Dining Cover Slide 1\"><\/div><div class=\"swiper-slide-inner\" ><div class=\"swiper-slide-contents\"><h1 class=\"elementor-slide-heading\">DISCOVER KOH SAMUI DINING<\/h1><\/div><\/div><\/div><div class=\"elementor-repeater-item-43f4dca swiper-slide\" role=\"group\" aria-roledescription=\"slide\"><div class=\"swiper-slide-bg elementor-ken-burns elementor-ken-burns--in\" role=\"img\" aria-label=\"Dining Cover Slide 3\"><\/div><div class=\"swiper-slide-inner\" ><div class=\"swiper-slide-contents\"><h1 class=\"elementor-slide-heading\">DISCOVER KOH SAMUI DINING<\/h1><\/div><\/div><\/div>\t\t\t\t<\/div>\n\t\t\t\t\t\t\t\t\t\t\t\t\t\t\t\t\t\t\t\t\t<\/div>\n\t\t\t\t<\/div>\n\t\t\t\t\t\t\t\t<\/div>\n\t\t\t\t<\/div>\n\t\t\t\t<\/div>\n\t\t<div class=\"elementor-element elementor-element-9cd4d9e e-flex e-con-boxed e-con e-parent\" data-id=\"9cd4d9e\" data-element_type=\"container\" data-e-type=\"container\" data-settings=\"{&quot;background_background&quot;:&quot;gradient&quot;}\">\n\t\t\t\t\t<div class=\"e-con-inner\">\n\t\t<div class=\"elementor-element elementor-element-684e9da7 e-flex e-con-boxed e-con e-child\" data-id=\"684e9da7\" data-element_type=\"container\" data-e-type=\"container\">\n\t\t\t\t\t<div class=\"e-con-inner\">\n\t\t\t\t<div class=\"elementor-element elementor-element-401a60da elementor-widget elementor-widget-heading\" data-id=\"401a60da\" data-element_type=\"widget\" data-e-type=\"widget\" data-widget_type=\"heading.default\">\n\t\t\t\t<div class=\"elementor-widget-container\">\n\t\t\t\t\t<h2 class=\"elementor-heading-title elementor-size-default\">DISCOVER KOH SAMUI DINING<\/h2>\t\t\t\t<\/div>\n\t\t\t\t<\/div>\n\t\t\t\t<div class=\"elementor-element elementor-element-7a2a0e2b elementor-widget__width-initial elementor-widget elementor-widget-text-editor\" data-id=\"7a2a0e2b\" data-element_type=\"widget\" data-e-type=\"widget\" data-widget_type=\"text-editor.default\">\n\t\t\t\t<div class=\"elementor-widget-container\">\n\t\t\t\t\t\t\t\t\t<p>You\u2019ll find a diverse range of dining options that reflect the island\u2019s culinary delights.<br>Whether starting your day with a choice of Western or Asian breakfast, delight in the flavors of Mediterranean cuisine, indulge in this diverse selection of over 70 menus to elevate your dining experience.<\/p>\t\t\t\t\t\t\t\t<\/div>\n\t\t\t\t<\/div>\n\t\t\t\t\t<\/div>\n\t\t\t\t<\/div>\n\t\t<div class=\"elementor-element elementor-element-6ee0d217 e-con-full e-flex e-con e-child\" data-id=\"6ee0d217\" data-element_type=\"container\" data-e-type=\"container\">\n\t\t<div class=\"elementor-element elementor-element-21513c3a e-con-full e-flex e-con e-child\" data-id=\"21513c3a\" data-element_type=\"container\" data-e-type=\"container\">\n\t\t\t\t<div class=\"elementor-element elementor-element-c2bd0ef elementor-widget elementor-widget-image\" data-id=\"c2bd0ef\" data-element_type=\"widget\" data-e-type=\"widget\" data-widget_type=\"image.default\">\n\t\t\t\t<div class=\"elementor-widget-container\">\n\t\t\t\t\t\t\t\t\t\t\t\t\t\t\t\t<a href=\"#\">\n\t\t\t\t\t\t\t<img fetchpriority=\"high\" decoding=\"async\" width=\"1440\" height=\"960\" src=\"https:\/\/melatiresort.com\/wp-content\/uploads\/2025\/06\/The-View-Restaurant.jpg\" class=\"attachment-full size-full wp-image-6360\" alt=\"\" srcset=\"https:\/\/melatiresort.com\/wp-content\/uploads\/2025\/06\/The-View-Restaurant.jpg 1440w, https:\/\/melatiresort.com\/wp-content\/uploads\/2025\/06\/The-View-Restaurant-300x200.jpg 300w, https:\/\/melatiresort.com\/wp-content\/uploads\/2025\/06\/The-View-Restaurant-1024x683.jpg 1024w, https:\/\/melatiresort.com\/wp-content\/uploads\/2025\/06\/The-View-Restaurant-768x512.jpg 768w\" sizes=\"(max-width: 1440px) 100vw, 1440px\" \/>\t\t\t\t\t\t\t\t<\/a>\n\t\t\t\t\t\t\t\t\t\t\t\t\t\t\t<\/div>\n\t\t\t\t<\/div>\n\t\t<div class=\"elementor-element elementor-element-58838e02 e-con-full e-flex e-con e-child\" data-id=\"58838e02\" data-element_type=\"container\" data-e-type=\"container\">\n\t\t\t\t<div class=\"elementor-element elementor-element-4e686d55 elementor-widget elementor-widget-heading\" data-id=\"4e686d55\" data-element_type=\"widget\" data-e-type=\"widget\" data-widget_type=\"heading.default\">\n\t\t\t\t<div class=\"elementor-widget-container\">\n\t\t\t\t\t<h2 class=\"elementor-heading-title elementor-size-default\">The View Restaurant<\/h2>\t\t\t\t<\/div>\n\t\t\t\t<\/div>\n\t\t\t\t<div class=\"elementor-element elementor-element-18ad86dd elementor-widget elementor-widget-text-editor\" data-id=\"18ad86dd\" data-element_type=\"widget\" data-e-type=\"widget\" data-widget_type=\"text-editor.default\">\n\t\t\t\t<div class=\"elementor-widget-container\">\n\t\t\t\t\t\t\t\t\t<p>T\u00e4glich: 06:30 \u2013 22:30 Uhr<\/p>\t\t\t\t\t\t\t\t<\/div>\n\t\t\t\t<\/div>\n\t\t\t\t<div class=\"elementor-element elementor-element-1554015 elementor-widget elementor-widget-text-editor\" data-id=\"1554015\" data-element_type=\"widget\" data-e-type=\"widget\" data-widget_type=\"text-editor.default\">\n\t\t\t\t<div class=\"elementor-widget-container\">\n\t\t\t\t\t\t\t\t\t<p>Direkt am Strand gelegen, bietet es den ganzen Tag \u00fcber Speisen, die mit einem herzhaften t\u00e4glichen Fr\u00fchst\u00fccksbuffet mit \u00f6stlichen und westlichen Spezialit\u00e4ten beginnen und von einer frischen Saftbar hervorgehoben werden, die Melati-Morgen wirklich magisch macht. Das The View Restaurant ist gleicherma\u00dfen ideal f\u00fcr ein ungezwungenes Mittagessen oder ein romantisches Abendessen bei Kerzenlicht und pr\u00e4sentiert authentische thail\u00e4ndische und westliche K\u00fcche mit mediterranem Einschlag.<\/p>\t\t\t\t\t\t\t\t<\/div>\n\t\t\t\t<\/div>\n\t\t\t\t<div class=\"elementor-element elementor-element-d2b84ff db-btn elementor-align-justify elementor-widget__width-initial elementor-widget elementor-widget-button\" data-id=\"d2b84ff\" data-element_type=\"widget\" data-e-type=\"widget\" data-widget_type=\"button.default\">\n\t\t\t\t<div class=\"elementor-widget-container\">\n\t\t\t\t\t\t\t\t\t<div class=\"elementor-button-wrapper\">\n\t\t\t\t\t<a class=\"elementor-button elementor-button-link elementor-size-sm\" href=\"https:\/\/melatiresort.com\/wp-content\/uploads\/2025\/12\/The-View-Menu_print_final_resize.pdf\" target=\"_blank\">\n\t\t\t\t\t\t<span class=\"elementor-button-content-wrapper\">\n\t\t\t\t\t\t\t\t\t<span class=\"elementor-button-text\">VIEW THE MENU<\/span>\n\t\t\t\t\t<\/span>\n\t\t\t\t\t<\/a>\n\t\t\t\t<\/div>\n\t\t\t\t\t\t\t\t<\/div>\n\t\t\t\t<\/div>\n\t\t\t\t<\/div>\n\t\t\t\t<\/div>\n\t\t<div class=\"elementor-element elementor-element-737a2b7 e-con-full e-flex e-con e-child\" data-id=\"737a2b7\" data-element_type=\"container\" data-e-type=\"container\">\n\t\t\t\t<div class=\"elementor-element elementor-element-baabd3d elementor-widget elementor-widget-image\" data-id=\"baabd3d\" data-element_type=\"widget\" data-e-type=\"widget\" data-widget_type=\"image.default\">\n\t\t\t\t<div class=\"elementor-widget-container\">\n\t\t\t\t\t\t\t\t\t\t\t\t\t\t\t\t<a href=\"#\">\n\t\t\t\t\t\t\t<img decoding=\"async\" width=\"1440\" height=\"960\" src=\"https:\/\/melatiresort.com\/wp-content\/uploads\/2025\/06\/Romantic-Dinner.jpg\" class=\"attachment-full size-full wp-image-6358\" alt=\"\" srcset=\"https:\/\/melatiresort.com\/wp-content\/uploads\/2025\/06\/Romantic-Dinner.jpg 1440w, https:\/\/melatiresort.com\/wp-content\/uploads\/2025\/06\/Romantic-Dinner-300x200.jpg 300w, https:\/\/melatiresort.com\/wp-content\/uploads\/2025\/06\/Romantic-Dinner-1024x683.jpg 1024w, https:\/\/melatiresort.com\/wp-content\/uploads\/2025\/06\/Romantic-Dinner-768x512.jpg 768w\" sizes=\"(max-width: 1440px) 100vw, 1440px\" \/>\t\t\t\t\t\t\t\t<\/a>\n\t\t\t\t\t\t\t\t\t\t\t\t\t\t\t<\/div>\n\t\t\t\t<\/div>\n\t\t<div class=\"elementor-element elementor-element-8229129 e-con-full e-flex e-con e-child\" data-id=\"8229129\" data-element_type=\"container\" data-e-type=\"container\">\n\t\t\t\t<div class=\"elementor-element elementor-element-9ed3134 elementor-widget elementor-widget-heading\" data-id=\"9ed3134\" data-element_type=\"widget\" data-e-type=\"widget\" data-widget_type=\"heading.default\">\n\t\t\t\t<div class=\"elementor-widget-container\">\n\t\t\t\t\t<h2 class=\"elementor-heading-title elementor-size-default\">Romantische <br> Essen am Strand<\/h2>\t\t\t\t<\/div>\n\t\t\t\t<\/div>\n\t\t\t\t<div class=\"elementor-element elementor-element-aa58b15 elementor-widget elementor-widget-text-editor\" data-id=\"aa58b15\" data-element_type=\"widget\" data-e-type=\"widget\" data-widget_type=\"text-editor.default\">\n\t\t\t\t<div class=\"elementor-widget-container\">\n\t\t\t\t\t\t\t\t\t<p>Eine romantische Kerzenlicht-Kulisse am Strand f\u00fcr ein wirklich einmaliges Erlebnis, ideal, um Ihre Flitterwochen, Ihren Jahrestag oder einen besonderen Anlass zu feiern<\/p>\t\t\t\t\t\t\t\t<\/div>\n\t\t\t\t<\/div>\n\t\t\t\t<div class=\"elementor-element elementor-element-4959d40 db-btn elementor-align-justify elementor-widget__width-initial elementor-widget elementor-widget-button\" data-id=\"4959d40\" data-element_type=\"widget\" data-e-type=\"widget\" data-widget_type=\"button.default\">\n\t\t\t\t<div class=\"elementor-widget-container\">\n\t\t\t\t\t\t\t\t\t<div class=\"elementor-button-wrapper\">\n\t\t\t\t\t<a class=\"elementor-button elementor-button-link elementor-size-sm\" href=\"https:\/\/melatiresort.com\/wp-content\/uploads\/2025\/11\/Melati_Romantic-Dinner-Courses.pdf\" target=\"_blank\">\n\t\t\t\t\t\t<span class=\"elementor-button-content-wrapper\">\n\t\t\t\t\t\t\t\t\t<span class=\"elementor-button-text\">VIEW THE MENU<\/span>\n\t\t\t\t\t<\/span>\n\t\t\t\t\t<\/a>\n\t\t\t\t<\/div>\n\t\t\t\t\t\t\t\t<\/div>\n\t\t\t\t<\/div>\n\t\t\t\t<\/div>\n\t\t\t\t<\/div>\n\t\t<div class=\"elementor-element elementor-element-c325785 e-con-full e-flex e-con e-child\" data-id=\"c325785\" data-element_type=\"container\" data-e-type=\"container\">\n\t\t\t\t<div class=\"elementor-element elementor-element-795a5a8 elementor-widget elementor-widget-image\" data-id=\"795a5a8\" data-element_type=\"widget\" data-e-type=\"widget\" data-widget_type=\"image.default\">\n\t\t\t\t<div class=\"elementor-widget-container\">\n\t\t\t\t\t\t\t\t\t\t\t\t\t\t\t\t<a href=\"#\">\n\t\t\t\t\t\t\t<img decoding=\"async\" width=\"1440\" height=\"960\" src=\"https:\/\/melatiresort.com\/wp-content\/uploads\/2025\/06\/KAN-SAK-THONG-RESTAURANT.jpg\" class=\"attachment-full size-full wp-image-6357\" alt=\"\" srcset=\"https:\/\/melatiresort.com\/wp-content\/uploads\/2025\/06\/KAN-SAK-THONG-RESTAURANT.jpg 1440w, https:\/\/melatiresort.com\/wp-content\/uploads\/2025\/06\/KAN-SAK-THONG-RESTAURANT-300x200.jpg 300w, https:\/\/melatiresort.com\/wp-content\/uploads\/2025\/06\/KAN-SAK-THONG-RESTAURANT-1024x683.jpg 1024w, https:\/\/melatiresort.com\/wp-content\/uploads\/2025\/06\/KAN-SAK-THONG-RESTAURANT-768x512.jpg 768w\" sizes=\"(max-width: 1440px) 100vw, 1440px\" \/>\t\t\t\t\t\t\t\t<\/a>\n\t\t\t\t\t\t\t\t\t\t\t\t\t\t\t<\/div>\n\t\t\t\t<\/div>\n\t\t<div class=\"elementor-element elementor-element-e04d96b e-con-full e-flex e-con e-child\" data-id=\"e04d96b\" data-element_type=\"container\" data-e-type=\"container\">\n\t\t\t\t<div class=\"elementor-element elementor-element-5998638 elementor-widget elementor-widget-heading\" data-id=\"5998638\" data-element_type=\"widget\" data-e-type=\"widget\" data-widget_type=\"heading.default\">\n\t\t\t\t<div class=\"elementor-widget-container\">\n\t\t\t\t\t<h2 class=\"elementor-heading-title elementor-size-default\">Kan Sak Thong  Lounge<\/h2>\t\t\t\t<\/div>\n\t\t\t\t<\/div>\n\t\t\t\t<div class=\"elementor-element elementor-element-7dc25d8 elementor-widget elementor-widget-text-editor\" data-id=\"7dc25d8\" data-element_type=\"widget\" data-e-type=\"widget\" data-widget_type=\"text-editor.default\">\n\t\t\t\t<div class=\"elementor-widget-container\">\n\t\t\t\t\t\t\t\t\t<p>T\u00e4glich: 14:00 \u2013 23:00 Uhr<br \/>(Jeden Mittwoch und Freitag geschlossen)<\/p>\t\t\t\t\t\t\t\t<\/div>\n\t\t\t\t<\/div>\n\t\t\t\t<div class=\"elementor-element elementor-element-2b1cfe1 elementor-widget elementor-widget-text-editor\" data-id=\"2b1cfe1\" data-element_type=\"widget\" data-e-type=\"widget\" data-widget_type=\"text-editor.default\">\n\t\t\t\t<div class=\"elementor-widget-container\">\n\t\t\t\t\t\t\t\t\t<p>Kan Sak Thong liegt neben dem Wasserfall des Resorts und ist der Ort zum Entspannen und Erholen bei einem k\u00f6stlichen Cocktail und etwas gesundem Essen, w\u00e4hrend Sie \u00fcber die Baumwipfel in Richtung Ozean blicken.<\/p>\t\t\t\t\t\t\t\t<\/div>\n\t\t\t\t<\/div>\n\t\t\t\t<div class=\"elementor-element elementor-element-4b5b528 db-btn elementor-align-justify elementor-widget__width-initial elementor-widget elementor-widget-button\" data-id=\"4b5b528\" data-element_type=\"widget\" data-e-type=\"widget\" data-widget_type=\"button.default\">\n\t\t\t\t<div class=\"elementor-widget-container\">\n\t\t\t\t\t\t\t\t\t<div class=\"elementor-button-wrapper\">\n\t\t\t\t\t<a class=\"elementor-button elementor-button-link elementor-size-sm\" href=\"https:\/\/melatiresort.com\/wp-content\/uploads\/2025\/07\/Kan-Sak-Thong-Menu-re.pdf\" target=\"_blank\">\n\t\t\t\t\t\t<span class=\"elementor-button-content-wrapper\">\n\t\t\t\t\t\t\t\t\t<span class=\"elementor-button-text\">VIEW THE MENU<\/span>\n\t\t\t\t\t<\/span>\n\t\t\t\t\t<\/a>\n\t\t\t\t<\/div>\n\t\t\t\t\t\t\t\t<\/div>\n\t\t\t\t<\/div>\n\t\t\t\t<\/div>\n\t\t\t\t<\/div>\n\t\t<div class=\"elementor-element elementor-element-e3d8365 e-con-full e-flex e-con e-child\" data-id=\"e3d8365\" data-element_type=\"container\" data-e-type=\"container\">\n\t\t\t\t<div class=\"elementor-element elementor-element-bbcd230 elementor-widget elementor-widget-image\" data-id=\"bbcd230\" data-element_type=\"widget\" data-e-type=\"widget\" data-widget_type=\"image.default\">\n\t\t\t\t<div class=\"elementor-widget-container\">\n\t\t\t\t\t\t\t\t\t\t\t\t\t\t\t\t<a href=\"#\">\n\t\t\t\t\t\t\t<img loading=\"lazy\" decoding=\"async\" width=\"1440\" height=\"960\" src=\"https:\/\/melatiresort.com\/wp-content\/uploads\/2025\/06\/BARBEQUE-IN-PRIVATE-VILLA-1.jpg\" class=\"attachment-full size-full wp-image-6361\" alt=\"\" srcset=\"https:\/\/melatiresort.com\/wp-content\/uploads\/2025\/06\/BARBEQUE-IN-PRIVATE-VILLA-1.jpg 1440w, https:\/\/melatiresort.com\/wp-content\/uploads\/2025\/06\/BARBEQUE-IN-PRIVATE-VILLA-1-300x200.jpg 300w, https:\/\/melatiresort.com\/wp-content\/uploads\/2025\/06\/BARBEQUE-IN-PRIVATE-VILLA-1-1024x683.jpg 1024w, https:\/\/melatiresort.com\/wp-content\/uploads\/2025\/06\/BARBEQUE-IN-PRIVATE-VILLA-1-768x512.jpg 768w\" sizes=\"(max-width: 1440px) 100vw, 1440px\" \/>\t\t\t\t\t\t\t\t<\/a>\n\t\t\t\t\t\t\t\t\t\t\t\t\t\t\t<\/div>\n\t\t\t\t<\/div>\n\t\t<div class=\"elementor-element elementor-element-7409d05 e-con-full e-flex e-con e-child\" data-id=\"7409d05\" data-element_type=\"container\" data-e-type=\"container\">\n\t\t\t\t<div class=\"elementor-element elementor-element-a0bc8cd elementor-widget elementor-widget-heading\" data-id=\"a0bc8cd\" data-element_type=\"widget\" data-e-type=\"widget\" data-widget_type=\"heading.default\">\n\t\t\t\t<div class=\"elementor-widget-container\">\n\t\t\t\t\t<h2 class=\"elementor-heading-title elementor-size-default\">Privates BBQ in der Villa<\/h2>\t\t\t\t<\/div>\n\t\t\t\t<\/div>\n\t\t\t\t<div class=\"elementor-element elementor-element-7b225b3 elementor-widget elementor-widget-text-editor\" data-id=\"7b225b3\" data-element_type=\"widget\" data-e-type=\"widget\" data-widget_type=\"text-editor.default\">\n\t\t\t\t<div class=\"elementor-widget-container\">\n\t\t\t\t\t\t\t\t\t<p>Privates Grillen in der Villa, totale Dekadenz in der Privatsph\u00e4re Ihrer Villa mit Ihrem pers\u00f6nlichen Koch und Kellner, der Ihnen jeden Wunsch erf\u00fcllt.<\/p>\t\t\t\t\t\t\t\t<\/div>\n\t\t\t\t<\/div>\n\t\t\t\t<div class=\"elementor-element elementor-element-5ca7be2 db-btn elementor-align-justify elementor-widget__width-initial elementor-widget elementor-widget-button\" data-id=\"5ca7be2\" data-element_type=\"widget\" data-e-type=\"widget\" data-widget_type=\"button.default\">\n\t\t\t\t<div class=\"elementor-widget-container\">\n\t\t\t\t\t\t\t\t\t<div class=\"elementor-button-wrapper\">\n\t\t\t\t\t<a class=\"elementor-button elementor-button-link elementor-size-sm\" href=\"https:\/\/melatiresort.com\/wp-content\/uploads\/2025\/07\/BBQ-in-Villa-Poster-April-2024.pdf\" target=\"_blank\">\n\t\t\t\t\t\t<span class=\"elementor-button-content-wrapper\">\n\t\t\t\t\t\t\t\t\t<span class=\"elementor-button-text\">VIEW THE MENU<\/span>\n\t\t\t\t\t<\/span>\n\t\t\t\t\t<\/a>\n\t\t\t\t<\/div>\n\t\t\t\t\t\t\t\t<\/div>\n\t\t\t\t<\/div>\n\t\t\t\t<\/div>\n\t\t\t\t<\/div>\n\t\t<div class=\"elementor-element elementor-element-b2aa3ef e-con-full e-flex e-con e-child\" data-id=\"b2aa3ef\" data-element_type=\"container\" data-e-type=\"container\">\n\t\t\t\t<div class=\"elementor-element elementor-element-bbe8c3f elementor-widget elementor-widget-image\" data-id=\"bbe8c3f\" data-element_type=\"widget\" data-e-type=\"widget\" data-widget_type=\"image.default\">\n\t\t\t\t<div class=\"elementor-widget-container\">\n\t\t\t\t\t\t\t\t\t\t\t\t\t\t\t\t<a href=\"#\">\n\t\t\t\t\t\t\t<img loading=\"lazy\" decoding=\"async\" width=\"1440\" height=\"960\" src=\"https:\/\/melatiresort.com\/wp-content\/uploads\/2025\/06\/THE-SEA-VIEW-BAR.jpg\" class=\"attachment-full size-full wp-image-6359\" alt=\"\" srcset=\"https:\/\/melatiresort.com\/wp-content\/uploads\/2025\/06\/THE-SEA-VIEW-BAR.jpg 1440w, https:\/\/melatiresort.com\/wp-content\/uploads\/2025\/06\/THE-SEA-VIEW-BAR-300x200.jpg 300w, https:\/\/melatiresort.com\/wp-content\/uploads\/2025\/06\/THE-SEA-VIEW-BAR-1024x683.jpg 1024w, https:\/\/melatiresort.com\/wp-content\/uploads\/2025\/06\/THE-SEA-VIEW-BAR-768x512.jpg 768w\" sizes=\"(max-width: 1440px) 100vw, 1440px\" \/>\t\t\t\t\t\t\t\t<\/a>\n\t\t\t\t\t\t\t\t\t\t\t\t\t\t\t<\/div>\n\t\t\t\t<\/div>\n\t\t<div class=\"elementor-element elementor-element-f5e16ff e-con-full e-flex e-con e-child\" data-id=\"f5e16ff\" data-element_type=\"container\" data-e-type=\"container\">\n\t\t\t\t<div class=\"elementor-element elementor-element-a63bc9d elementor-widget elementor-widget-heading\" data-id=\"a63bc9d\" data-element_type=\"widget\" data-e-type=\"widget\" data-widget_type=\"heading.default\">\n\t\t\t\t<div class=\"elementor-widget-container\">\n\t\t\t\t\t<h2 class=\"elementor-heading-title elementor-size-default\">The Sea View Bar<\/h2>\t\t\t\t<\/div>\n\t\t\t\t<\/div>\n\t\t\t\t<div class=\"elementor-element elementor-element-46f0c2e elementor-widget elementor-widget-text-editor\" data-id=\"46f0c2e\" data-element_type=\"widget\" data-e-type=\"widget\" data-widget_type=\"text-editor.default\">\n\t\t\t\t<div class=\"elementor-widget-container\">\n\t\t\t\t\t\t\t\t\t<p>Open Daily: 10:00 AM \u2013 10:30 PM<\/p>\t\t\t\t\t\t\t\t<\/div>\n\t\t\t\t<\/div>\n\t\t\t\t<div class=\"elementor-element elementor-element-23d5785 elementor-widget elementor-widget-text-editor\" data-id=\"23d5785\" data-element_type=\"widget\" data-e-type=\"widget\" data-widget_type=\"text-editor.default\">\n\t\t\t\t<div class=\"elementor-widget-container\">\n\t\t\t\t\t\t\t\t\t<p><strong>The Sea View Bar<\/strong> is your go-to destination to cool down after a long day. Indulge in the simple joys of a cold drink at an all-inclusive resort with a swim-up bar. Converse with our Samui restaurant\u2019s team of bartenders trained by renowned mixologist Joseph Broski, as we let you experience what it means to dine at an all-inclusive resort with a great swim-up bar!  <\/p>\t\t\t\t\t\t\t\t<\/div>\n\t\t\t\t<\/div>\n\t\t\t\t<\/div>\n\t\t\t\t<\/div>\n\t\t\t\t<\/div>\n\t\t\t\t\t<\/div>\n\t\t\t\t<\/div>\n\t\t\t\t<\/div>\n\t\t","protected":false},"excerpt":{"rendered":"<p>Located at unspoiled Thongson Bay, Melati Beach Resort &amp; Spa welcomes you to the ultimate romantic beach dinner experience. <\/p>\n","protected":false},"author":1,"featured_media":6256,"parent":0,"menu_order":0,"comment_status":"closed","ping_status":"closed","template":"","meta":{"inline_featured_image":false,"footnotes":""},"class_list":["post-6353","page","type-page","status-publish","has-post-thumbnail","hentry"],"meta_box":[],"_links":{"self":[{"href":"https:\/\/melatiresort.com\/de\/wp-json\/wp\/v2\/pages\/6353","targetHints":{"allow":["GET"]}}],"collection":[{"href":"https:\/\/melatiresort.com\/de\/wp-json\/wp\/v2\/pages"}],"about":[{"href":"https:\/\/melatiresort.com\/de\/wp-json\/wp\/v2\/types\/page"}],"author":[{"embeddable":true,"href":"https:\/\/melatiresort.com\/de\/wp-json\/wp\/v2\/users\/1"}],"replies":[{"embeddable":true,"href":"https:\/\/melatiresort.com\/de\/wp-json\/wp\/v2\/comments?post=6353"}],"version-history":[{"count":4,"href":"https:\/\/melatiresort.com\/de\/wp-json\/wp\/v2\/pages\/6353\/revisions"}],"predecessor-version":[{"id":6614,"href":"https:\/\/melatiresort.com\/de\/wp-json\/wp\/v2\/pages\/6353\/revisions\/6614"}],"wp:featuredmedia":[{"embeddable":true,"href":"https:\/\/melatiresort.com\/de\/wp-json\/wp\/v2\/media\/6256"}],"wp:attachment":[{"href":"https:\/\/melatiresort.com\/de\/wp-json\/wp\/v2\/media?parent=6353"}],"curies":[{"name":"wp","href":"https:\/\/api.w.org\/{rel}","templated":true}]}}